{"id":594,"date":"2019-08-25T01:05:22","date_gmt":"2019-08-24T23:05:22","guid":{"rendered":"https:\/\/corporiente.com.co\/?page_id=594"},"modified":"2019-09-19T23:18:24","modified_gmt":"2019-09-19T21:18:24","slug":"galeria","status":"publish","type":"page","link":"https:\/\/corporiente.com.co\/?page_id=594","title":{"rendered":"Galeria"},"content":{"rendered":"<div id=\"metaslider-id-642\" style=\"width: 100%; margin: 0 auto;\" class=\"ml-slider-3-28-0 metaslider metaslider-nivo metaslider-642 ml-slider luisFernando\">\n    <div id=\"metaslider_container_642\">\n        <div class='slider-wrapper theme-default'><div class='ribbon'><\/div><div id='metaslider_642' class='nivoSlider'><img src=\"https:\/\/corporiente.com.co\/wp-content\/uploads\/2019\/08\/saber_mas2-1100x481.jpg\" height=\"613\" width=\"1400\" title=\"saber_mas2\" alt=\"\" class=\"slider-642 slide-644\" \/><img src=\"https:\/\/corporiente.com.co\/wp-content\/uploads\/2019\/10\/PARCELA-359x157.jpg\" height=\"613\" width=\"1400\" title=\"PARCELA\" alt=\"\" class=\"slider-642 slide-1043\" \/><img src=\"https:\/\/corporiente.com.co\/wp-content\/uploads\/2019\/08\/gal34-e1566769863315-1391x609.jpg\" height=\"613\" width=\"1400\" title=\"gal34\" alt=\"\" class=\"slider-642 slide-646\" \/><img src=\"https:\/\/corporiente.com.co\/wp-content\/uploads\/2019\/08\/gal35-e1568925608343-1397x611.jpg\" height=\"613\" width=\"1400\" title=\"gal35\" alt=\"\" class=\"slider-642 slide-647\" \/><img src=\"https:\/\/corporiente.com.co\/wp-content\/uploads\/2019\/08\/gal01-1385x606.jpg\" height=\"613\" width=\"1400\" title=\"gal01\" alt=\"\" class=\"slider-642 slide-648\" \/><img src=\"https:\/\/corporiente.com.co\/wp-content\/uploads\/2019\/08\/gal32-e1568925341634-1263x553.jpg\" height=\"613\" width=\"1400\" title=\"gal32\" alt=\"\" class=\"slider-642 slide-650\" \/><img src=\"https:\/\/corporiente.com.co\/wp-content\/uploads\/2019\/08\/gal27-e1568926729772-813x355.jpg\" height=\"613\" width=\"1400\" title=\"gal27\" alt=\"\" class=\"slider-642 slide-651\" \/><img src=\"https:\/\/corporiente.com.co\/wp-content\/uploads\/2019\/08\/gal29-1398x612.jpg\" height=\"613\" width=\"1400\" title=\"gal29\" alt=\"\" class=\"slider-642 slide-653\" \/><img src=\"https:\/\/corporiente.com.co\/wp-content\/uploads\/2019\/08\/gal30-1398x612.jpg\" height=\"613\" width=\"1400\" title=\"gal30\" alt=\"\" class=\"slider-642 slide-654\" \/><img src=\"https:\/\/corporiente.com.co\/wp-content\/uploads\/2019\/08\/gal31-1398x612.jpg\" height=\"613\" width=\"1400\" title=\"gal31\" alt=\"\" class=\"slider-642 slide-655\" \/><img src=\"https:\/\/corporiente.com.co\/wp-content\/uploads\/2019\/08\/gal26-e1568926930225-846x370.jpg\" height=\"613\" width=\"1400\" title=\"gal26\" alt=\"\" class=\"slider-642 slide-656\" \/><img src=\"https:\/\/corporiente.com.co\/wp-content\/uploads\/2019\/08\/gal25-1400x613.jpg\" height=\"613\" width=\"1400\" title=\"gal25\" alt=\"\" class=\"slider-642 slide-657\" \/><img src=\"https:\/\/corporiente.com.co\/wp-content\/uploads\/2019\/08\/gal24-1353x592.jpg\" height=\"613\" width=\"1400\" title=\"gal24\" alt=\"\" class=\"slider-642 slide-658\" \/><img src=\"https:\/\/corporiente.com.co\/wp-content\/uploads\/2019\/08\/gal23-1391x609.jpg\" height=\"613\" width=\"1400\" title=\"gal23\" alt=\"\" class=\"slider-642 slide-659\" \/><img src=\"https:\/\/corporiente.com.co\/wp-content\/uploads\/2019\/08\/gal22-1400x613.jpg\" height=\"613\" width=\"1400\" title=\"gal22\" alt=\"\" class=\"slider-642 slide-660\" \/><img src=\"https:\/\/corporiente.com.co\/wp-content\/uploads\/2019\/08\/gal17-960x420.jpg\" height=\"613\" width=\"1400\" title=\"gal17\" alt=\"\" class=\"slider-642 slide-661\" \/><img src=\"https:\/\/corporiente.com.co\/wp-content\/uploads\/2019\/08\/gal18-960x420.jpg\" height=\"613\" width=\"1400\" title=\"gal18\" alt=\"\" class=\"slider-642 slide-662\" \/><img src=\"https:\/\/corporiente.com.co\/wp-content\/uploads\/2019\/08\/gal20-960x420.jpg\" height=\"613\" width=\"1400\" title=\"gal20\" alt=\"\" class=\"slider-642 slide-664\" \/><img src=\"https:\/\/corporiente.com.co\/wp-content\/uploads\/2019\/08\/gal21-962x421.jpg\" height=\"613\" width=\"1400\" title=\"gal21\" alt=\"\" class=\"slider-642 slide-665\" \/><img src=\"https:\/\/corporiente.com.co\/wp-content\/uploads\/2019\/08\/gal16-960x420.jpg\" height=\"613\" width=\"1400\" title=\"gal16\" alt=\"\" class=\"slider-642 slide-666\" \/><img src=\"https:\/\/corporiente.com.co\/wp-content\/uploads\/2019\/08\/gal15-959x419.jpg\" height=\"613\" width=\"1400\" title=\"gal15\" alt=\"\" class=\"slider-642 slide-667\" \/><img src=\"https:\/\/corporiente.com.co\/wp-content\/uploads\/2019\/08\/gal14-960x420.jpg\" height=\"613\" width=\"1400\" title=\"gal14\" alt=\"\" class=\"slider-642 slide-668\" \/><img src=\"https:\/\/corporiente.com.co\/wp-content\/uploads\/2019\/08\/gal13-960x420.jpg\" height=\"613\" width=\"1400\" title=\"gal13\" alt=\"\" class=\"slider-642 slide-669\" \/><img src=\"https:\/\/corporiente.com.co\/wp-content\/uploads\/2019\/08\/gal12-960x420.jpg\" height=\"613\" width=\"1400\" title=\"gal12\" alt=\"\" class=\"slider-642 slide-670\" \/><img src=\"https:\/\/corporiente.com.co\/wp-content\/uploads\/2019\/08\/gal08-960x420.jpg\" height=\"613\" width=\"1400\" title=\"gal08\" alt=\"\" class=\"slider-642 slide-671\" \/><img src=\"https:\/\/corporiente.com.co\/wp-content\/uploads\/2019\/08\/gal07-960x420.jpg\" height=\"613\" width=\"1400\" title=\"gal07\" alt=\"\" class=\"slider-642 slide-672\" \/><img src=\"https:\/\/corporiente.com.co\/wp-content\/uploads\/2019\/08\/gal09-960x420.jpg\" height=\"613\" width=\"1400\" title=\"gal09\" alt=\"\" class=\"slider-642 slide-673\" \/><img src=\"https:\/\/corporiente.com.co\/wp-content\/uploads\/2019\/08\/gal10-1400x613.jpg\" height=\"613\" width=\"1400\" title=\"gal10\" alt=\"\" class=\"slider-642 slide-674\" \/><img src=\"https:\/\/corporiente.com.co\/wp-content\/uploads\/2019\/08\/gal11-960x420.jpg\" height=\"613\" width=\"1400\" title=\"gal11\" alt=\"\" class=\"slider-642 slide-675\" \/><img src=\"https:\/\/corporiente.com.co\/wp-content\/uploads\/2019\/08\/gal06-720x315.jpg\" height=\"613\" width=\"1400\" title=\"gal06\" alt=\"\" class=\"slider-642 slide-676\" \/><img src=\"https:\/\/corporiente.com.co\/wp-content\/uploads\/2019\/08\/gal05-1400x613.jpg\" height=\"613\" width=\"1400\" title=\"gal05\" alt=\"\" class=\"slider-642 slide-677\" \/><img src=\"https:\/\/corporiente.com.co\/wp-content\/uploads\/2019\/08\/gal04-720x315.jpg\" height=\"613\" width=\"1400\" title=\"gal04\" alt=\"\" class=\"slider-642 slide-678\" \/><img src=\"https:\/\/corporiente.com.co\/wp-content\/uploads\/2019\/08\/gal03-960x420.jpg\" height=\"613\" width=\"1400\" title=\"gal03\" alt=\"\" class=\"slider-642 slide-679\" \/><img src=\"https:\/\/corporiente.com.co\/wp-content\/uploads\/2019\/08\/gal02-720x315.jpg\" height=\"613\" width=\"1400\" title=\"gal02\" alt=\"\" class=\"slider-642 slide-680\" \/><img src=\"https:\/\/corporiente.com.co\/wp-content\/uploads\/2019\/09\/esta-1-1200x525.jpg\" height=\"613\" width=\"1400\" title=\"esta 1\" alt=\"\" class=\"slider-642 slide-796\" \/><img src=\"https:\/\/corporiente.com.co\/wp-content\/uploads\/2019\/09\/esta-1-1200x525.jpg\" height=\"613\" width=\"1400\" title=\"esta 1\" alt=\"\" class=\"slider-642 slide-797\" \/><img src=\"https:\/\/corporiente.com.co\/wp-content\/uploads\/2019\/09\/IMG_20151216_154036576-1200x525.jpg\" height=\"613\" width=\"1400\" title=\"IMG_20151216_154036576\" alt=\"\" class=\"slider-642 slide-798\" \/><img src=\"https:\/\/corporiente.com.co\/wp-content\/uploads\/2019\/09\/IMG_20151216_154106326-1200x525.jpg\" height=\"613\" width=\"1400\" title=\"IMG_20151216_154106326\" alt=\"\" class=\"slider-642 slide-799\" \/><img src=\"https:\/\/corporiente.com.co\/wp-content\/uploads\/2020\/06\/IMG-20190126-WA0005-1032x451.jpg\" height=\"613\" width=\"1400\" title=\"IMG-20190126-WA0005\" alt=\"\" class=\"slider-642 slide-1054\" \/><img src=\"https:\/\/corporiente.com.co\/wp-content\/uploads\/2019\/10\/escudo2-187x81.png\" height=\"613\" width=\"1400\" title=\"escudo2\" alt=\"\" class=\"slider-642 slide-1084\" \/><img src=\"https:\/\/corporiente.com.co\/wp-content\/uploads\/2021\/08\/WhatsApp-Image-2021-08-05-at-4.26.45-PM-2-e1628306175367-670x293.jpeg\" height=\"613\" width=\"1400\" title=\"WhatsApp Image 2021-08-05 at 4.26.45 PM (2)\" alt=\"\" class=\"slider-642 slide-1180\" \/><img src=\"https:\/\/corporiente.com.co\/wp-content\/uploads\/2021\/08\/WhatsApp-Image-2021-08-05-at-4.26.45-PM-3-845x369.jpeg\" height=\"613\" width=\"1400\" title=\"WhatsApp Image 2021-08-05 at 4.26.45 PM (3)\" alt=\"\" class=\"slider-642 slide-1181\" \/><img src=\"https:\/\/corporiente.com.co\/wp-content\/uploads\/2021\/08\/WhatsApp-Image-2021-08-05-at-4.26.45-PM-4-1224x535.jpeg\" height=\"613\" width=\"1400\" title=\"WhatsApp Image 2021-08-05 at 4.26.45 PM (4)\" alt=\"\" class=\"slider-642 slide-1182\" \/><img src=\"https:\/\/corporiente.com.co\/wp-content\/uploads\/2021\/08\/WhatsApp-Image-2021-08-05-at-4.26.46-PM-1280x560.jpeg\" height=\"613\" width=\"1400\" title=\"WhatsApp Image 2021-08-05 at 4.26.46 PM\" alt=\"\" class=\"slider-642 slide-1183\" \/><\/div><\/div>\n        \n    <\/div>\n<\/div>\n\n\n<div id=\"cotizacion\" class=\"row\">\n<div class=\"col-md-6 \" id=\"amparos\">\n<div class=\"p1\"> Caracteristicas que nos identifican <\/div>\n<div class=\"clearfix\"> <\/div>\n<p>        <\/p><center><p><\/p>\n<div class=\"contenido\">\n<div class=\"p2\">\n              <img decoding=\"async\" src=\"wp-content\/uploads\/2019\/09\/selec.png\" alt=\"\"><br>\n              Brindar los niveles de educaci\u00f3n b\u00e1sica y media acad\u00e9mica por ciclos para j\u00f3venes y adultos\n            <\/div>\n<div class=\"p2\">\n              <img decoding=\"async\" src=\"wp-content\/uploads\/2019\/09\/selec.png\" alt=\"\"><br>\n              Contar con un proceso de ense\u00f1anza &#8211; aprendizaje innovador basado en un modelo pedag\u00f3gico pensado para educaci\u00f3n por ciclos\n            <\/div>\n<div class=\"p2\">\n              <img decoding=\"async\" src=\"wp-content\/uploads\/2019\/09\/selec.png\" alt=\"\"><br>\n              Buscar que tu hijo sea feliz alcanzando la excelencia acad\u00e9mica pensando en \u00e9l o ella como individuo y no visto como un n\u00famero en un sistema\n            <\/div>\n<div class=\"p2\">\n              <img decoding=\"async\" src=\"wp-content\/uploads\/2019\/09\/selec.png\" alt=\"\"><br>\n              Hacer de la educaci\u00f3n formal por ciclos una alternativa de educaci\u00f3n legalmente establecida por el Ministerio de Educaci\u00f3n Nacional y reglamentada por el Decreto 3011 de 1997\n            <\/div>\n<p><\/p><\/div>\n<p>        <\/p><\/center>\n    <\/div>\n<div class=\"col-md-6 panel2\" id=\"preguntaFrecue\">\n<div class=\"col-md-12 titu\">Imagenes Representativas<\/div>\n<div class=\"row \">\n<div class=\"col-md-12 \">\n<div id=\"companias_asegu\" class=\"row\">\n<div class=\"ico_compa\">\n                <!-- <img decoding=\"async\" class=\"img1\" src=\"wp-content\/uploads\/2019\/03\/logoAxxaColpatriaDf.png\">\n                <img decoding=\"async\" class=\"img2\" src=\"wp-content\/uploads\/2019\/03\/logoAllianzDf.png\">\n                <img decoding=\"async\" class=\"img3\" src=\"wp-content\/uploads\/2019\/03\/logoSBSDef.png\">\n                <img decoding=\"async\" class=\"img4\" src=\"wp-content\/uploads\/2019\/03\/logoHDIDf.png\"> --><p><\/p>\n<div id=\"myCarousel\" class=\"carousel slide\" data-ride=\"carousel\">\n<p>                  <!-- Wrapper for slides --><\/p>\n<div class=\"carousel-inner\">\n<div class=\"item1 row item active\">\n                      <!-- \n\n<div class=\"col-md-1\"><\/div>\n\n --><p><\/p>\n<div class=\"col-md-4\">\n                        <img decoding=\"async\" src=\"wp-content\/uploads\/2019\/08\/18_img.jpg\" alt=\"\">\n                      <\/div>\n<div class=\"col-md-4\">\n                        <img decoding=\"async\" src=\"wp-content\/uploads\/2019\/08\/17_img.jpg\" alt=\"\">\n                      <\/div>\n<div class=\"col-md-4\">\n                        <img decoding=\"async\" src=\"wp-content\/uploads\/2019\/08\/16_img.jpg\" alt=\"\">\n                      <\/div>\n<div class=\"col-md-4\">\n                        <img decoding=\"async\" src=\"wp-content\/uploads\/2019\/08\/15_img.jpg\" alt=\"\">\n                      <\/div>\n<div class=\"col-md-4\">\n                        <img decoding=\"async\" src=\"wp-content\/uploads\/2019\/08\/14_img.jpg\" alt=\"\">\n                      <\/div>\n<div class=\"col-md-4\">\n                        <img decoding=\"async\" src=\"wp-content\/uploads\/2019\/08\/13_img.jpg\" alt=\"\">\n                      <\/div>\n<div class=\"col-md-4\">\n                        <img decoding=\"async\" src=\"wp-content\/uploads\/2019\/08\/12_img.jpg\" alt=\"\">\n                      <\/div>\n<div class=\"col-md-4\">\n                        <img decoding=\"async\" src=\"wp-content\/uploads\/2019\/08\/11_img.jpg\" alt=\"\">\n                      <\/div>\n<div class=\"col-md-4\">\n                        <img decoding=\"async\" src=\"wp-content\/uploads\/2019\/08\/10_img.jpg\" alt=\"\">\n                      <\/div>\n<p>                      <!-- \n\n<div class=\"col-md-2\">\n                        <img decoding=\"async\" src=\"wp-content\/uploads\/2019\/05\/LogoSegurosmundialG.png\" alt=\"\">\n                      <\/div>\n\n --><\/p><\/div>\n<div class=\"item3 row item\">\n                      <!-- \n\n<div class=\"col-md-1\"><\/div>\n\n --><p><\/p>\n<div class=\"col-md-4\">\n                        <img decoding=\"async\" src=\"wp-content\/uploads\/2019\/08\/09_img.jpg\" alt=\"\">\n                      <\/div>\n<div class=\"col-md-4\">\n                        <img decoding=\"async\" src=\"wp-content\/uploads\/2019\/08\/08_img.jpg\" alt=\"\">\n                      <\/div>\n<div class=\"col-md-4\">\n                        <img decoding=\"async\" src=\"wp-content\/uploads\/2019\/08\/07_img.jpg\" alt=\"\">\n                      <\/div>\n<div class=\"col-md-4\">\n                        <img decoding=\"async\" src=\"wp-content\/uploads\/2019\/08\/06_img.jpg\" alt=\"\">\n                      <\/div>\n<div class=\"col-md-4\">\n                        <img decoding=\"async\" src=\"wp-content\/uploads\/2019\/08\/05_img.jpg\" alt=\"\">\n                      <\/div>\n<div class=\"col-md-4\">\n                        <img decoding=\"async\" src=\"wp-content\/uploads\/2019\/08\/04_img.jpg\" alt=\"\">\n                      <\/div>\n<div class=\"col-md-4\">\n                        <img decoding=\"async\" src=\"wp-content\/uploads\/2019\/08\/03_img.jpg\" alt=\"\">\n                      <\/div>\n<div class=\"col-md-4\">\n                        <img decoding=\"async\" src=\"wp-content\/uploads\/2019\/08\/02_img.jpg\" alt=\"\">\n                      <\/div>\n<div class=\"col-md-4\">\n                        <img decoding=\"async\" src=\"wp-content\/uploads\/2019\/08\/01_img.jpg\" alt=\"\">\n                      <\/div>\n<p><\/p><\/div>\n<p><\/p><\/div>\n<p><\/p><\/div>\n<p><\/p><\/div>\n<p><\/p><\/div>\n<p><\/p><\/div>\n<p><\/p><\/div>\n<p><\/p><\/div>\n<p><\/p><\/div>\n\n<p><!-- \/wp:html --><\/p>","protected":false},"excerpt":{"rendered":"<p>Caracteristicas que nos identifican Brindar los niveles de educaci\u00f3n b\u00e1sica y media acad\u00e9mica por ciclos para j\u00f3venes y adultos Contar con un proceso de ense\u00f1anza &#8211; aprendizaje innovador basado en un modelo pedag\u00f3gico pensado para educaci\u00f3n por ciclos Buscar que&hellip; <a href=\"https:\/\/corporiente.com.co\/?page_id=594\" class=\"more-link\">Continuar leyendo <span class=\"meta-nav\">&rarr;<\/span><\/a><\/p>\n","protected":false},"author":2,"featured_media":0,"parent":0,"menu_order":0,"comment_status":"closed","ping_status":"closed","template":"","meta":[],"_links":{"self":[{"href":"https:\/\/corporiente.com.co\/index.php?rest_route=\/wp\/v2\/pages\/594"}],"collection":[{"href":"https:\/\/corporiente.com.co\/index.php?rest_route=\/wp\/v2\/pages"}],"about":[{"href":"https:\/\/corporiente.com.co\/index.php?rest_route=\/wp\/v2\/types\/page"}],"author":[{"embeddable":true,"href":"https:\/\/corporiente.com.co\/index.php?rest_route=\/wp\/v2\/users\/2"}],"replies":[{"embeddable":true,"href":"https:\/\/corporiente.com.co\/index.php?rest_route=%2Fwp%2Fv2%2Fcomments&post=594"}],"version-history":[{"count":17,"href":"https:\/\/corporiente.com.co\/index.php?rest_route=\/wp\/v2\/pages\/594\/revisions"}],"predecessor-version":[{"id":1087,"href":"https:\/\/corporiente.com.co\/index.php?rest_route=\/wp\/v2\/pages\/594\/revisions\/1087"}],"wp:attachment":[{"href":"https:\/\/corporiente.com.co\/index.php?rest_route=%2Fwp%2Fv2%2Fmedia&parent=594"}],"curies":[{"name":"wp","href":"https:\/\/api.w.org\/{rel}","templated":true}]}}