{"id":582,"date":"2019-08-25T00:01:43","date_gmt":"2019-08-24T22:01:43","guid":{"rendered":"https:\/\/corporiente.com.co\/?page_id=582"},"modified":"2019-09-20T00:06:02","modified_gmt":"2019-09-19T22:06:02","slug":"saber-mas","status":"publish","type":"page","link":"https:\/\/corporiente.com.co\/?page_id=582","title":{"rendered":"Saber M\u00e1s"},"content":{"rendered":"\n<div id=\"pagConten\">\n  <div id=\"baner\">\n    <div id=\"capa_slider\"><\/div>\n    <img decoding=\"async\" id=\"fondo\" src=\"wp-content\/uploads\/2019\/08\/saber_mas2.jpg\">\n    <div id=\"sliderPers\">\n      <div class=\"row \">\n        <div class=\"col-md-12 panel1\">\n          <!-- <div class=\"col-md-12 p1\">Somos una instituci\u00f3n para el beneficio de la comunidad<\/div> -->\n          <div class=\"clearfix\"> <\/div>\n          <div class=\"col-md-12 p2\">\n            <!-- <div class=\"row campos\">\n                <div id=\"capa_modalAuto\"> <\/div>\n                <div class=\"col-md-1\"><\/div>\n                <div class=\"col-md-2\">\n                  <select class=\"form-control\" name=\"marca\" id=\"marca\" >\n                    <option value=\"\">Marca<\/option>\n                  <\/select>\n                <\/div>\n                <div class=\"col-md-2\">\n                  <select class=\"form-control\" name=\"ayo\" id=\"ayo\" >\n                    <option value=\"\">A\u00f1o<\/option>\n                  <\/select>\n                <\/div>\n                <div class=\"col-md-2\">\n                  <select class=\"form-control\" name=\"modelo\" id=\"modelo\" >\n                    <option value=\"\">Modelo<\/option>\n                  <\/select>\n                <\/div>\n                <div class=\"col-md-2\">\n                  <select class=\"form-control\" name=\"version\" id=\"version\" >\n                    <option value=\"\">Versi\u00f3n<\/option>\n                  <\/select>\n                <\/div>\n                <div class=\"col-md-2 colbtn\">\n                  <button class=\"form-control btn1\" type=\"button\" name=\"button\" onclick=\"cotizar()\">\n                   <img decoding=\"async\" src=\"wp-content\/uploads\/2019\/03\/vineta.png\" alt=\"\">  COTIZAR\n                  <\/button>\n                <\/div>\n                <div class=\"row acepter\">\n                  Al continuar aceptas nuestros <a target=\"_blank\" href=\"wp-content\/uploads\/2019\/06\/Poliitica_Proteccioon_datos.pdf\" rel=\"noopener noreferrer\"> T\u00e9rminos y Condiciones <\/a>\n                <\/div>\n            <\/div> -->\n          <\/div>\n        <\/div>\n      <\/div>\n    <\/div>\n\n  <\/div>\n\n  \n  <div id=\"companias_asegu\" class=\"row\">\n    <div class=\"titu\"> HIMNO A CORPORIENTE <\/div>\n    <div class=\"ico_compa texHimno\">\n    <div class=\"col-md-4\"> <\/div>\n\n<div class=\"col-md-4\">\n   <p> <b> I <\/b> <\/p> \n<p> \nCORPORIENTE, CANTA CORPORIENTE\nY NO DEJES QUE CALLE TU VOZ.\nPORQUE SI TU CALLAS UN PUEBLO CALLAR\u00c0\nY SI UN PUEBLO CALLA SOLO HABRA DOLOR\n<\/p> \n\n<p> <b> CORO <\/b> <\/p> \n\n<p> \nPOR ESO CANTA, CANTA CONMIGO\nQUERIDO AMIGO, VAMOS POR LA PAZ (BIS)\n<\/p> \n\n<p> <b> II <\/b> <\/p> \n\n<p> \nEL SABER NOS DA LA LIBERTAD\nY LA ESPERANZA NOS LLENA DE EMOCI\u00d2N,\nDE ALG\u00d9N D\u00ccA NUESTRO PUEBLO ENCONTRAR\nLEJOS DEL ODIO Y EN LAS MANOS DE DIOS.\n<\/p> \n\n<p> <b> CORO <\/b> <\/p> \n\n<p> \nPOR ESO CANTA, CANTA CONMIGO\nQUERIDO AMIGO, VAMOS POR LA PAZ (BIS)        \n<\/p> \n\n<\/div>\n\n<div class=\"col-md-4\"> <\/div>\n\n    <\/div>\n  <\/div>\n\n  <div id=\"companias_asegu\" class=\"row\">\n    <div class=\"titu\"> Organigrama Institucional <\/div>\n    <div class=\"ico_compa\">\n      <img decoding=\"async\" id=\"fondo\" src=\"wp-content\/uploads\/2019\/08\/organigrama.jpg\">\n    <\/div>\n  <\/div>\n\n\n  <div id=\"cotizacion\" class=\"row\">\n    <div class=\"col-md-6 \" id=\"amparos\">\n        <div class=\"p1\"> Caracteristicas que nos identifican <\/div>\n        <div class=\"clearfix\"> <\/div>\n        <center>\n        <div class=\"contenido\">\n            <div class=\"p2\">\n              <img decoding=\"async\" src=\"wp-content\/uploads\/2019\/09\/selec.png\" alt=\"\">\n              Brindar los niveles de educaci\u00f3n b\u00e1sica y media acad\u00e9mica por ciclos para j\u00f3venes y adultos\n            <\/div>\n            <div class=\"p2\">\n              <img decoding=\"async\" src=\"wp-content\/uploads\/2019\/09\/selec.png\" alt=\"\">\n              Contar con un proceso de ense\u00f1anza &#8211; aprendizaje innovador basado en un modelo pedag\u00f3gico pensado para educaci\u00f3n por ciclos\n            <\/div>\n            <div class=\"p2\">\n              <img decoding=\"async\" src=\"wp-content\/uploads\/2019\/09\/selec.png\" alt=\"\">\n              Buscar que tu hijo sea feliz alcanzando la excelencia acad\u00e9mica pensando en \u00e9l o ella como individuo y no visto como un n\u00famero en un sistema\n            <\/div>\n            <div class=\"p2\">\n              <img decoding=\"async\" src=\"wp-content\/uploads\/2019\/09\/selec.png\" alt=\"\">\n              Hacer de la educaci\u00f3n formal por ciclos una alternativa de educaci\u00f3n legalmente establecida por el Ministerio de Educaci\u00f3n Nacional y reglamentada por el Decreto 3011 de 1997\n            <\/div>\n           \n          <\/div>\n        <\/center>\n    <\/div>\n    <div class=\"col-md-6 panel2\" id=\"preguntaFrecue\">\n\n      <div class=\"col-md-12 titu\">Imagenes Representativas<\/div>\n      <div class=\"row \">\n          <div class=\"col-md-12 \">\n            \n          <div id=\"companias_asegu\" class=\"row\">\n              <div class=\"ico_compa\">\n                <!-- <img decoding=\"async\" class=\"img1\" src=\"wp-content\/uploads\/2019\/03\/logoAxxaColpatriaDf.png\">\n                <img decoding=\"async\" class=\"img2\" src=\"wp-content\/uploads\/2019\/03\/logoAllianzDf.png\">\n                <img decoding=\"async\" class=\"img3\" src=\"wp-content\/uploads\/2019\/03\/logoSBSDef.png\">\n                <img decoding=\"async\" class=\"img4\" src=\"wp-content\/uploads\/2019\/03\/logoHDIDf.png\"> -->\n\n                <div id=\"myCarousel\" class=\"carousel slide\" data-ride=\"carousel\">\n\n                  <!-- Wrapper for slides -->\n                  <div class=\"carousel-inner\">\n                    <div class=\"item1 row item active\">\n                      <!-- <div class=\"col-md-1\"><\/div> -->\n                      <div class=\"col-md-4\">\n                        <img decoding=\"async\" src=\"wp-content\/uploads\/2019\/08\/18_img.jpg\" alt=\"\">\n                      <\/div>\n                      <div class=\"col-md-4\">\n                        <img decoding=\"async\" src=\"wp-content\/uploads\/2019\/08\/17_img.jpg\" alt=\"\">\n                      <\/div>\n                      <div class=\"col-md-4\">\n                        <img decoding=\"async\" src=\"wp-content\/uploads\/2019\/08\/16_img.jpg\" alt=\"\">\n                      <\/div>\n                      <div class=\"col-md-4\">\n                        <img decoding=\"async\" src=\"wp-content\/uploads\/2019\/08\/15_img.jpg\" alt=\"\">\n                      <\/div>\n                      <div class=\"col-md-4\">\n                        <img decoding=\"async\" src=\"wp-content\/uploads\/2019\/08\/14_img.jpg\" alt=\"\">\n                      <\/div>\n                      <div class=\"col-md-4\">\n                        <img decoding=\"async\" src=\"wp-content\/uploads\/2019\/08\/13_img.jpg\" alt=\"\">\n                      <\/div>\n                      <div class=\"col-md-4\">\n                        <img decoding=\"async\" src=\"wp-content\/uploads\/2019\/08\/12_img.jpg\" alt=\"\">\n                      <\/div>\n                      <div class=\"col-md-4\">\n                        <img decoding=\"async\" src=\"wp-content\/uploads\/2019\/08\/11_img.jpg\" alt=\"\">\n                      <\/div>\n                      <div class=\"col-md-4\">\n                        <img decoding=\"async\" src=\"wp-content\/uploads\/2019\/08\/10_img.jpg\" alt=\"\">\n                      <\/div>\n                      \n                      <!-- <div class=\"col-md-2\">\n                        <img decoding=\"async\" src=\"wp-content\/uploads\/2019\/05\/LogoSegurosmundialG.png\" alt=\"\">\n                      <\/div> -->\n\n\n                    <\/div>\n                    <div class=\"item3 row item\">\n                      <!-- <div class=\"col-md-1\"><\/div> -->\n                      <div class=\"col-md-4\">\n                        <img decoding=\"async\" src=\"wp-content\/uploads\/2019\/08\/09_img.jpg\" alt=\"\">\n                      <\/div>\n                      <div class=\"col-md-4\">\n                        <img decoding=\"async\" src=\"wp-content\/uploads\/2019\/08\/08_img.jpg\" alt=\"\">\n                      <\/div>\n                      <div class=\"col-md-4\">\n                        <img decoding=\"async\" src=\"wp-content\/uploads\/2019\/08\/07_img.jpg\" alt=\"\">\n                      <\/div>\n                      <div class=\"col-md-4\">\n                        <img decoding=\"async\" src=\"wp-content\/uploads\/2019\/08\/06_img.jpg\" alt=\"\">\n                      <\/div>\n                      <div class=\"col-md-4\">\n                        <img decoding=\"async\" src=\"wp-content\/uploads\/2019\/08\/05_img.jpg\" alt=\"\">\n                      <\/div>\n                      <div class=\"col-md-4\">\n                        <img decoding=\"async\" src=\"wp-content\/uploads\/2019\/08\/04_img.jpg\" alt=\"\">\n                      <\/div>\n                      <div class=\"col-md-4\">\n                        <img decoding=\"async\" src=\"wp-content\/uploads\/2019\/08\/03_img.jpg\" alt=\"\">\n                      <\/div>\n                      <div class=\"col-md-4\">\n                        <img decoding=\"async\" src=\"wp-content\/uploads\/2019\/08\/02_img.jpg\" alt=\"\">\n                      <\/div>\n                      <div class=\"col-md-4\">\n                        <img decoding=\"async\" src=\"wp-content\/uploads\/2019\/08\/01_img.jpg\" alt=\"\">\n                      <\/div>\n                    <\/div>\n                  <\/div>\n\n\n                <\/div>\n\n              <\/div>\n            <\/div>\n\n          <\/div>\n      <\/div>\n    <\/div>\n  <\/div>\n\n\n\n<\/div>\n","protected":false},"excerpt":{"rendered":"<p>HIMNO A CORPORIENTE I CORPORIENTE, CANTA CORPORIENTE Y NO DEJES QUE CALLE TU VOZ. PORQUE SI TU CALLAS UN PUEBLO CALLAR\u00c0 Y SI UN PUEBLO CALLA SOLO HABRA DOLOR CORO POR ESO CANTA, CANTA CONMIGO QUERIDO AMIGO, VAMOS POR LA&hellip; <a href=\"https:\/\/corporiente.com.co\/?page_id=582\" class=\"more-link\">Continuar leyendo <span class=\"meta-nav\">&rarr;<\/span><\/a><\/p>\n","protected":false},"author":2,"featured_media":0,"parent":0,"menu_order":0,"comment_status":"closed","ping_status":"closed","template":"","meta":[],"_links":{"self":[{"href":"https:\/\/corporiente.com.co\/index.php?rest_route=\/wp\/v2\/pages\/582"}],"collection":[{"href":"https:\/\/corporiente.com.co\/index.php?rest_route=\/wp\/v2\/pages"}],"about":[{"href":"https:\/\/corporiente.com.co\/index.php?rest_route=\/wp\/v2\/types\/page"}],"author":[{"embeddable":true,"href":"https:\/\/corporiente.com.co\/index.php?rest_route=\/wp\/v2\/users\/2"}],"replies":[{"embeddable":true,"href":"https:\/\/corporiente.com.co\/index.php?rest_route=%2Fwp%2Fv2%2Fcomments&post=582"}],"version-history":[{"count":13,"href":"https:\/\/corporiente.com.co\/index.php?rest_route=\/wp\/v2\/pages\/582\/revisions"}],"predecessor-version":[{"id":883,"href":"https:\/\/corporiente.com.co\/index.php?rest_route=\/wp\/v2\/pages\/582\/revisions\/883"}],"wp:attachment":[{"href":"https:\/\/corporiente.com.co\/index.php?rest_route=%2Fwp%2Fv2%2Fmedia&parent=582"}],"curies":[{"name":"wp","href":"https:\/\/api.w.org\/{rel}","templated":true}]}}