{"id":571,"date":"2019-08-24T23:16:40","date_gmt":"2019-08-24T21:16:40","guid":{"rendered":"https:\/\/corporiente.com.co\/?page_id=571"},"modified":"2025-02-15T09:25:08","modified_gmt":"2025-02-15T14:25:08","slug":"contactenos","status":"publish","type":"page","link":"https:\/\/corporiente.com.co\/?page_id=571","title":{"rendered":"Contactenos"},"content":{"rendered":"<div id=\"pagConten\">\n<div id=\"baner\">\n<div id=\"capa_slider\"><\/div>\n<p><img decoding=\"async\" id=\"fondo\" src=\"wp-content\/uploads\/2019\/08\/contactenos.jpg\" \/><\/p>\n<div id=\"sliderPers\">\n<div class=\"row \">\n<div class=\"col-md-12 panel1\">\n<div class=\"col-md-12 p1\">\n<div class=\"clearfix\"><\/div>\n<div class=\"col-md-12 p2\"><!--\n\n\n<div class=\"row campos\">\n\n\n<div id=\"capa_modalAuto\"><\/div>\n\n\n\n\n<div class=\"col-md-1\"><\/div>\n\n\n\n\n<div class=\"col-md-2\">\n                  <select class=\"form-control\" name=\"marca\" id=\"marca\" > \n<option value=\"\">Marca<\/option>\n <\/select><\/div>\n\n\n\n\n<div class=\"col-md-2\">\n                  <select class=\"form-control\" name=\"ayo\" id=\"ayo\" > \n<option value=\"\">A\u00f1o<\/option>\n <\/select><\/div>\n\n\n\n\n<div class=\"col-md-2\">\n                  <select class=\"form-control\" name=\"modelo\" id=\"modelo\" > \n<option value=\"\">Modelo<\/option>\n <\/select><\/div>\n\n\n\n\n<div class=\"col-md-2\">\n                  <select class=\"form-control\" name=\"version\" id=\"version\" > \n<option value=\"\">Versi\u00f3n<\/option>\n <\/select><\/div>\n\n\n\n\n<div class=\"col-md-2 colbtn\">\n                  <button class=\"form-control btn1\" type=\"button\" name=\"button\" onclick=\"cotizar()\">\n                   <img decoding=\"async\" src=\"wp-content\/uploads\/2019\/03\/vineta.png\" alt=\"\">  COTIZAR\n                  <\/button><\/div>\n\n\n\n\n<div class=\"row acepter\">\n                  Al continuar aceptas nuestros <a target=\"_blank\" href=\"wp-content\/uploads\/2019\/06\/Poliitica_Proteccioon_datos.pdf\" rel=\"noopener noreferrer\"> T\u00e9rminos y Condiciones <\/a><\/div>\n\n\n<\/div>\n\n\n--><\/div>\n<\/div>\n<\/div>\n<\/div>\n<\/div>\n<div class=\"row\">\n<div id=\"beneficios\" class=\"col-md-6\"><iframe loading=\"lazy\" style=\"border: 0;\" src=\"https:\/\/www.google.com\/maps\/embed?pb=!1m18!1m12!1m3!1d986.9826612424644!2d-73.61108407084794!3d8.309691326651608!2m3!1f0!2f0!3f0!3m2!1i1024!2i768!4f13.1!3m3!1m2!1s0x8e5d857eec3baf85%3A0x11e9f09bbba6423a!2sCl.%205%20%2324-46%2C%20Aguachica%2C%20Cesar!5e0!3m2!1ses-419!2sco!4v1566682352861!5m2!1ses-419!2sco\" width=\"600\" height=\"450\" frameborder=\"0\" allowfullscreen=\"allowfullscreen\"><\/iframe><\/div>\n<div id=\"tieneDudas\" class=\"col-md-6\">\n<div class=\"row titu\">!Contactanos<\/div>\n<div class=\"row icono\">\n<div class=\"col-md-4\">\n<div class=\"row ico ico1\"><center><img decoding=\"async\" src=\"wp-content\/uploads\/2019\/03\/iconoChatG.png\" alt=\"\" \/><\/center><\/div>\n<div class=\"row text\"><center>Escr\u00edbenos al chat<\/center><\/div>\n<\/div>\n<div class=\"col-md-4\">\n<div class=\"row ico ico2\"><center><img decoding=\"async\" src=\"wp-content\/uploads\/2019\/03\/iconoEmailG.png\" alt=\"\" \/><\/center><\/div>\n<div class=\"row text\"><center>Escr\u00edbenos al correo <\/center><\/div>\n<\/div>\n<div class=\"col-md-4\">\n<div class=\"row ico ico3\"><center><img decoding=\"async\" src=\"wp-content\/uploads\/2019\/03\/iconoLlamadaCallG.png\" alt=\"\" \/><\/center><\/div>\n<div class=\"row text\"><center><!-- Comun\u00edcate con nosotros\nal (+571) 7425713 --> Comun\u00edcate con nosotros: Celular:315 548 0040- 315 811 4040 &#8211; Horario de atenci\u00f3n L a V 8:00 am a 6:00 pm S\u00e1bados y Domingos 6 am a 12 pm.<\/center><\/div>\n<\/div>\n<\/div>\n<\/div>\n<\/div>\n<div id=\"cotizacion\" class=\"row\">\n<div id=\"amparos\" class=\"col-md-6 \">\n<div class=\"p1\">Caracteristicas que nos identifican<\/div>\n<div class=\"clearfix\"><\/div>\n<p><center><\/p>\n<div class=\"contenido\">\n<div class=\"p2\"><img decoding=\"async\" src=\"wp-content\/uploads\/2019\/09\/selec.png\" alt=\"\" \/> Brindar los niveles de educaci\u00f3n b\u00e1sica y media acad\u00e9mica por ciclos para j\u00f3venes y adultos.<\/div>\n<div class=\"p2\"><img decoding=\"async\" src=\"wp-content\/uploads\/2019\/09\/selec.png\" alt=\"\" \/> Contar con un proceso de ense\u00f1anza &#8211; aprendizaje innovador basado en un modelo pedag\u00f3gico pensado para educaci\u00f3n por ciclos.<\/div>\n<div class=\"p2\"><img decoding=\"async\" src=\"wp-content\/uploads\/2019\/09\/selec.png\" alt=\"\" \/> Buscar que tu hijo sea feliz alcanzando la excelencia acad\u00e9mica pensando en \u00e9l o ella como individuo y no visto como un n\u00famero en un sistema.<\/div>\n<div class=\"p2\"><img decoding=\"async\" src=\"wp-content\/uploads\/2019\/09\/selec.png\" alt=\"\" \/> Hacer de la educaci\u00f3n formal por Ciclos una alternativa de educaci\u00f3n legalmente establecida por el Ministerio de Educaci\u00f3n Nacional y reglamentada por el Decreto 3011 de 1997.<\/div>\n<\/div>\n<p><\/center><\/div>\n<div id=\"preguntaFrecue\" class=\"col-md-6 panel2\">\n<div class=\"col-md-12 titu\">ESTOY INTERESADO<\/div>\n<div class=\"row \">\n<div class=\"col-md-12 \">\n<div id=\"formul_contactenos\" class=\"row\">\n<div class=\"ico_compa\">\n<div class=\"col-md-12 \">\n<div class=\"form-group subtitulo\">Diligencia la informaci\u00f3n necesaria<\/div>\n<\/div>\n<div class=\"clearfix\"><\/div>\n<div class=\"row col-md-12 \">\n<div class=\"form-group \"><label class=\"pregunta col-md-4 \" for=\"nombre\">Tu nombre: *<\/label><\/p>\n<div class=\"col-md-8 nopadding\"><input id=\"nombres\" class=\"form-control text\" type=\"text\" \/><\/div>\n<\/div>\n<\/div>\n<div class=\"clearfix\"><\/div>\n<div class=\"row col-md-12 \">\n<div class=\"form-group \"><label class=\"pregunta col-md-4 \" for=\"nombre\">Tu correo electr\u00f3nico: *<\/label><\/p>\n<div class=\"col-md-8 nopadding\"><input id=\"correo\" class=\"form-control text\" type=\"text\" \/><\/div>\n<\/div>\n<\/div>\n<div class=\"clearfix\"><\/div>\n<div class=\"row col-md-12 \">\n<div class=\"form-group \"><label class=\"pregunta col-md-4 \" for=\"nombre\">Tu n\u00famero celular: *<\/label><\/p>\n<div class=\"col-md-8 nopadding\"><input id=\"numero_cel\" class=\"form-control text\" type=\"text\" \/><\/div>\n<\/div>\n<\/div>\n<div class=\"clearfix\"><\/div>\n<div class=\"row col-md-12 \">\n<div class=\"form-group \"><label class=\"pregunta col-md-4 \" for=\"nombre\">Tu grado o curso de interes: *<\/label><\/p>\n<div class=\"col-md-8 nopadding\"><input id=\"curso_interes\" class=\"form-control text\" type=\"text\" \/><\/div>\n<\/div>\n<\/div>\n<div class=\"clearfix\"><\/div>\n<div class=\"row col-md-12 \">\n<div class=\"form-group \"><label class=\"pregunta col-md-4 \" for=\"nombre\">Tu mensaje: *<\/label><\/p>\n<div class=\"col-md-8 nopadding\"><\/div>\n<\/div>\n<\/div>\n<div class=\"clearfix\"><\/div>\n<div class=\"row col-md-12 \">\n<div class=\"form-group \">\n<div class=\"col-md-9 nopadding\"><\/div>\n<div class=\"col-md-3 nopadding\"><button class=\"form-control btn1 enviar\" name=\"button\" type=\"button\"> Enviar <\/button><br \/>\n<div class=\"wpcf7 no-js\" id=\"wpcf7-f734-o1\" lang=\"es-ES\" dir=\"ltr\">\n<div class=\"screen-reader-response\"><p role=\"status\" aria-live=\"polite\" aria-atomic=\"true\"><\/p> <ul><\/ul><\/div>\n<form action=\"\/index.php?rest_route=%2Fwp%2Fv2%2Fpages%2F571#wpcf7-f734-o1\" method=\"post\" class=\"wpcf7-form init\" aria-label=\"Formulario de contacto\" novalidate=\"novalidate\" data-status=\"init\">\n<div style=\"display: none;\">\n<input type=\"hidden\" name=\"_wpcf7\" value=\"734\" \/>\n<input type=\"hidden\" name=\"_wpcf7_version\" value=\"5.7\" \/>\n<input type=\"hidden\" name=\"_wpcf7_locale\" value=\"es_ES\" \/>\n<input type=\"hidden\" name=\"_wpcf7_unit_tag\" value=\"wpcf7-f734-o1\" \/>\n<input type=\"hidden\" name=\"_wpcf7_container_post\" value=\"0\" \/>\n<input type=\"hidden\" name=\"_wpcf7_posted_data_hash\" value=\"\" \/>\n<\/div>\n<div class=\"hide\">\n\t<p> <span class=\"wpcf7-form-control-wrap\" data-name=\"your-subject\"><input size=\"40\" class=\"wpcf7-form-control wpcf7-text wpcf7-validates-as-required\" id=\"your-subject\" aria-required=\"true\" aria-invalid=\"false\" value=\"\" type=\"text\" name=\"your-subject\" \/><\/span><br \/>\n<span class=\"wpcf7-form-control-wrap\" data-name=\"con_nombres\"><input size=\"40\" class=\"wpcf7-form-control wpcf7-text wpcf7-validates-as-required\" id=\"con_nombres\" aria-required=\"true\" aria-invalid=\"false\" value=\"\" type=\"text\" name=\"con_nombres\" \/><\/span><br \/>\n<span class=\"wpcf7-form-control-wrap\" data-name=\"con_correo\"><input size=\"40\" class=\"wpcf7-form-control wpcf7-text wpcf7-validates-as-required\" id=\"con_correo\" aria-required=\"true\" aria-invalid=\"false\" value=\"\" type=\"text\" name=\"con_correo\" \/><\/span><br \/>\n<span class=\"wpcf7-form-control-wrap\" data-name=\"con_numero_cel\"><input size=\"40\" class=\"wpcf7-form-control wpcf7-text wpcf7-validates-as-required\" id=\"con_numero_cel\" aria-required=\"true\" aria-invalid=\"false\" value=\"\" type=\"text\" name=\"con_numero_cel\" \/><\/span><br \/>\n<span class=\"wpcf7-form-control-wrap\" data-name=\"con_curso_interes\"><input size=\"40\" class=\"wpcf7-form-control wpcf7-text wpcf7-validates-as-required\" id=\"con_curso_interes\" aria-required=\"true\" aria-invalid=\"false\" value=\"\" type=\"text\" name=\"con_curso_interes\" \/><\/span><br \/>\n<span class=\"wpcf7-form-control-wrap\" data-name=\"con_tu_mensaje\"><input size=\"40\" class=\"wpcf7-form-control wpcf7-text wpcf7-validates-as-required\" id=\"con_tu_mensaje\" aria-required=\"true\" aria-invalid=\"false\" value=\"\" type=\"text\" name=\"con_tu_mensaje\" \/><\/span><br \/>\n<input class=\"wpcf7-form-control has-spinner wpcf7-submit\" type=\"submit\" value=\"Enviar\" \/>\n\t<\/p>\n<\/div><div class=\"wpcf7-response-output\" aria-hidden=\"true\"><\/div><\/form><\/div><\/div>\n<\/div>\n<\/div>\n<\/div>\n<\/div>\n<\/div>\n<\/div>\n<\/div>\n<\/div>\n<\/div>\n<\/div>\n","protected":false},"excerpt":{"rendered":"<p>!Contactanos Escr\u00edbenos al chat Escr\u00edbenos al correo Comun\u00edcate con nosotros: Celular:315 548 0040- 315 811 4040 &#8211; Horario de atenci\u00f3n L a V 8:00 am a 6:00 pm S\u00e1bados y Domingos 6 am a 12 pm. Caracteristicas que nos identifican&hellip; <a href=\"https:\/\/corporiente.com.co\/?page_id=571\" class=\"more-link\">Continuar leyendo <span class=\"meta-nav\">&rarr;<\/span><\/a><\/p>\n","protected":false},"author":2,"featured_media":0,"parent":0,"menu_order":0,"comment_status":"closed","ping_status":"closed","template":"","meta":[],"_links":{"self":[{"href":"https:\/\/corporiente.com.co\/index.php?rest_route=\/wp\/v2\/pages\/571"}],"collection":[{"href":"https:\/\/corporiente.com.co\/index.php?rest_route=\/wp\/v2\/pages"}],"about":[{"href":"https:\/\/corporiente.com.co\/index.php?rest_route=\/wp\/v2\/types\/page"}],"author":[{"embeddable":true,"href":"https:\/\/corporiente.com.co\/index.php?rest_route=\/wp\/v2\/users\/2"}],"replies":[{"embeddable":true,"href":"https:\/\/corporiente.com.co\/index.php?rest_route=%2Fwp%2Fv2%2Fcomments&post=571"}],"version-history":[{"count":30,"href":"https:\/\/corporiente.com.co\/index.php?rest_route=\/wp\/v2\/pages\/571\/revisions"}],"predecessor-version":[{"id":1385,"href":"https:\/\/corporiente.com.co\/index.php?rest_route=\/wp\/v2\/pages\/571\/revisions\/1385"}],"wp:attachment":[{"href":"https:\/\/corporiente.com.co\/index.php?rest_route=%2Fwp%2Fv2%2Fmedia&parent=571"}],"curies":[{"name":"wp","href":"https:\/\/api.w.org\/{rel}","templated":true}]}}