{"id":559,"date":"2019-08-24T22:30:21","date_gmt":"2019-08-24T20:30:21","guid":{"rendered":"https:\/\/corporiente.com.co\/?page_id=559"},"modified":"2020-08-03T16:02:06","modified_gmt":"2020-08-03T21:02:06","slug":"mision-y-vision","status":"publish","type":"page","link":"https:\/\/corporiente.com.co\/?page_id=559","title":{"rendered":"Misi\u00f3n y visi\u00f3n"},"content":{"rendered":"\n<div id=\"pagConten\">\n  <div id=\"baner\">\n    <div id=\"capa_slider\"><\/div>\n    <img decoding=\"async\" id=\"fondo\" src=\"wp-content\/uploads\/2019\/08\/mision_vision2.jpg\">\n    <div id=\"sliderPers\">\n      <div class=\"row \">\n        <div class=\"col-md-12 panel1\">\n          <!-- <div class=\"col-md-12 p1\">Somos una instituci\u00f3n para el beneficio de la comunidad<\/div> -->\n          <div class=\"clearfix\"> <\/div>\n          <div class=\"col-md-12 p2\">\n            <!-- <div class=\"row campos\">\n                <div id=\"capa_modalAuto\"> <\/div>\n                <div class=\"col-md-1\"><\/div>\n                <div class=\"col-md-2\">\n                  <select class=\"form-control\" name=\"marca\" id=\"marca\" >\n                    <option value=\"\">Marca<\/option>\n                  <\/select>\n                <\/div>\n                <div class=\"col-md-2\">\n                  <select class=\"form-control\" name=\"ayo\" id=\"ayo\" >\n                    <option value=\"\">A\u00f1o<\/option>\n                  <\/select>\n                <\/div>\n                <div class=\"col-md-2\">\n                  <select class=\"form-control\" name=\"modelo\" id=\"modelo\" >\n                    <option value=\"\">Modelo<\/option>\n                  <\/select>\n                <\/div>\n                <div class=\"col-md-2\">\n                  <select class=\"form-control\" name=\"version\" id=\"version\" >\n                    <option value=\"\">Versi\u00f3n<\/option>\n                  <\/select>\n                <\/div>\n                <div class=\"col-md-2 colbtn\">\n                  <button class=\"form-control btn1\" type=\"button\" name=\"button\" onclick=\"cotizar()\">\n                   <img decoding=\"async\" src=\"wp-content\/uploads\/2019\/09\/selec.png\" alt=\"\">  COTIZAR\n                  <\/button>\n                <\/div>\n                <div class=\"row acepter\">\n                  Al continuar aceptas nuestros <a target=\"_blank\" href=\"wp-content\/uploads\/2019\/06\/Poliitica_Proteccioon_datos.pdf\" rel=\"noopener noreferrer\"> T\u00e9rminos y Condiciones <\/a>\n                <\/div>\n            <\/div> -->\n          <\/div>\n        <\/div>\n      <\/div>\n    <\/div>\n\n  <\/div>\n\n  <div class=\"row\">\n    <div id=\"beneficios\" class=\"col-md-6\">\n        <div class=\"row titu\"> Misi\u00f3n <\/div>\n        <div class=\"row icono\">\n          <div class=\"col-md-1\">\n          <\/div>\n          <div class=\"col-md-10\">\n            <div class=\"row text texObjetivo\">\n              Es, hacer de la Educaci\u00f3n por los Ciclos algo m\u00e1s que simplemente una forma para obtener el T\u00edtulo de Bachiller. Un espacio donde se prepare a la gente para hacerlos competitivos a nivel laboral.\n              <b> \u201cEDUCAMOS PARA GENERAR EMPLEO EN COLOMBIA\u201d; <\/b> esta frase resume nuestra Filosof\u00eda, hacer de nuestra regi\u00f3n un entorno de proyecci\u00f3n Laboral configurado y proyectando con ello una poblaci\u00f3n autosuficiente en lo econ\u00f3mico, social y cultural, representado en una educaci\u00f3n de proyecci\u00f3n.\n\n\n            <\/div>\n          <\/div>\n          <div class=\"col-md-1\">\n          <\/div>\n        <\/div>\n    <\/div>\n    <div id=\"tieneDudas\" class=\"col-md-6\">\n      <div class=\"row titu\"> Visi\u00f3n <\/div>\n      <div class=\"row icono\">\n          <div class=\"col-md-1\">\n          <\/div>\n          <div class=\"col-md-10\">\n            <div class=\"row text texObjetivo\">\n              Observamos a nuestra sociedad cada d\u00eda m\u00e1s consumida y sometida por las pol\u00edticas internacionales respecto a dejar a los pueblos subdesarrollados como el nuestro sin empleo y por ende sin salarios lo cual acarrea indiscutiblemente miseria en los hogares, motivando la violencia en cualquiera de sus manifestaciones haciendo con esto que las buenas relaciones de nuestra gente se deterioren cada d\u00eda m\u00e1s.\n\n            <\/div>\n          <\/div>\n          <div class=\"col-md-1\">\n          <\/div>\n      <\/div>\n    <\/div>\n  <\/div>\n\n  <div id=\"cotizacion\" class=\"row\">\n    <div class=\"col-md-6 \" id=\"amparos\">\n        <div class=\"p1\"> Objetivo General <\/div>\n        <div class=\"clearfix\"> <\/div>\n        <center>\n          <div class=\"contenido\">\n            <div class=\"p2\">\n            Fijar las l\u00edneas de acci\u00f3n que posibiliten consolidar el proceso pedag\u00f3gico, acad\u00e9mico y disciplinario; lo que nos permitir\u00e1 afianzar en nuestros educandos un alto \u00edndice de responsabilidad, pertenencia y unos excelentes resultados acad\u00e9micos \u2013 laborales, propios de nuestros alumnos para con ellos, sus hogares y la sociedad.\n            <\/div>\n          <\/div>\n        <\/center>\n    <\/div>\n    <div class=\"col-md-6 panel2\" id=\"preguntaFrecue\">\n\n      <div class=\"col-md-12 titu\">Imagenes Representativas<\/div>\n      <div class=\"row \">\n          <div class=\"col-md-12 \">\n            \n          <div id=\"companias_asegu\" class=\"row\">\n              <div class=\"ico_compa\">\n                <!-- <img decoding=\"async\" class=\"img1\" src=\"wp-content\/uploads\/2019\/03\/logoAxxaColpatriaDf.png\">\n                <img decoding=\"async\" class=\"img2\" src=\"wp-content\/uploads\/2019\/03\/logoAllianzDf.png\">\n                <img decoding=\"async\" class=\"img3\" src=\"wp-content\/uploads\/2019\/03\/logoSBSDef.png\">\n                <img decoding=\"async\" class=\"img4\" src=\"wp-content\/uploads\/2019\/03\/logoHDIDf.png\"> -->\n\n                <div id=\"myCarousel\" class=\"carousel slide\" data-ride=\"carousel\">\n\n                  <!-- Wrapper for slides -->\n                  <div class=\"carousel-inner\">\n                    <div class=\"item1 row item active\">\n                      <!-- <div class=\"col-md-1\"><\/div> -->\n                      <div class=\"col-md-4\">\n                        <img decoding=\"async\" src=\"wp-content\/uploads\/2019\/08\/18_img.jpg\" alt=\"\">\n                      <\/div>\n                      <div class=\"col-md-4\">\n                        <img decoding=\"async\" src=\"wp-content\/uploads\/2019\/08\/17_img.jpg\" alt=\"\">\n                      <\/div>\n                      <div class=\"col-md-4\">\n                        <img decoding=\"async\" src=\"wp-content\/uploads\/2019\/08\/16_img.jpg\" alt=\"\">\n                      <\/div>\n                      <div class=\"col-md-4\">\n                        <img decoding=\"async\" src=\"wp-content\/uploads\/2019\/08\/15_img.jpg\" alt=\"\">\n                      <\/div>\n                      <div class=\"col-md-4\">\n                        <img decoding=\"async\" src=\"wp-content\/uploads\/2019\/08\/14_img.jpg\" alt=\"\">\n                      <\/div>\n                      <div class=\"col-md-4\">\n                        <img decoding=\"async\" src=\"wp-content\/uploads\/2019\/08\/13_img.jpg\" alt=\"\">\n                      <\/div>\n                      <div class=\"col-md-4\">\n                        <img decoding=\"async\" src=\"wp-content\/uploads\/2019\/08\/12_img.jpg\" alt=\"\">\n                      <\/div>\n                      <div class=\"col-md-4\">\n                        <img decoding=\"async\" src=\"wp-content\/uploads\/2019\/08\/11_img.jpg\" alt=\"\">\n                      <\/div>\n                      <div class=\"col-md-4\">\n                        <img decoding=\"async\" src=\"wp-content\/uploads\/2019\/08\/10_img.jpg\" alt=\"\">\n                      <\/div>\n                      \n                      <!-- <div class=\"col-md-2\">\n                        <img decoding=\"async\" src=\"wp-content\/uploads\/2019\/05\/LogoSegurosmundialG.png\" alt=\"\">\n                      <\/div> -->\n\n\n                    <\/div>\n                    <div class=\"item3 row item\">\n                      <!-- <div class=\"col-md-1\"><\/div> -->\n                      <div class=\"col-md-4\">\n                        <img decoding=\"async\" src=\"wp-content\/uploads\/2019\/08\/09_img.jpg\" alt=\"\">\n                      <\/div>\n                      <div class=\"col-md-4\">\n                        <img decoding=\"async\" src=\"wp-content\/uploads\/2019\/08\/08_img.jpg\" alt=\"\">\n                      <\/div>\n                      <div class=\"col-md-4\">\n                        <img decoding=\"async\" src=\"wp-content\/uploads\/2019\/08\/07_img.jpg\" alt=\"\">\n                      <\/div>\n                      <div class=\"col-md-4\">\n                        <img decoding=\"async\" src=\"wp-content\/uploads\/2019\/08\/06_img.jpg\" alt=\"\">\n                      <\/div>\n                      <div class=\"col-md-4\">\n                        <img decoding=\"async\" src=\"wp-content\/uploads\/2019\/08\/05_img.jpg\" alt=\"\">\n                      <\/div>\n                      <div class=\"col-md-4\">\n                        <img decoding=\"async\" src=\"wp-content\/uploads\/2019\/08\/04_img.jpg\" alt=\"\">\n                      <\/div>\n                      <div class=\"col-md-4\">\n                        <img decoding=\"async\" src=\"wp-content\/uploads\/2019\/08\/03_img.jpg\" alt=\"\">\n                      <\/div>\n                      <div class=\"col-md-4\">\n                        <img decoding=\"async\" src=\"wp-content\/uploads\/2019\/08\/02_img.jpg\" alt=\"\">\n                      <\/div>\n                      <div class=\"col-md-4\">\n                        <img decoding=\"async\" src=\"wp-content\/uploads\/2019\/08\/01_img.jpg\" alt=\"\">\n                      <\/div>\n                    <\/div>\n                  <\/div>\n\n\n                <\/div>\n\n              <\/div>\n            <\/div>\n\n          <\/div>\n      <\/div>\n    <\/div>\n  <\/div>\n\n\n\n<\/div>\n","protected":false},"excerpt":{"rendered":"<p>Misi\u00f3n Es, hacer de la Educaci\u00f3n por los Ciclos algo m\u00e1s que simplemente una forma para obtener el T\u00edtulo de Bachiller. Un espacio donde se prepare a la gente para hacerlos competitivos a nivel laboral. \u201cEDUCAMOS PARA GENERAR EMPLEO EN&hellip; <a href=\"https:\/\/corporiente.com.co\/?page_id=559\" class=\"more-link\">Continuar leyendo <span class=\"meta-nav\">&rarr;<\/span><\/a><\/p>\n","protected":false},"author":2,"featured_media":0,"parent":0,"menu_order":0,"comment_status":"closed","ping_status":"closed","template":"","meta":[],"_links":{"self":[{"href":"https:\/\/corporiente.com.co\/index.php?rest_route=\/wp\/v2\/pages\/559"}],"collection":[{"href":"https:\/\/corporiente.com.co\/index.php?rest_route=\/wp\/v2\/pages"}],"about":[{"href":"https:\/\/corporiente.com.co\/index.php?rest_route=\/wp\/v2\/types\/page"}],"author":[{"embeddable":true,"href":"https:\/\/corporiente.com.co\/index.php?rest_route=\/wp\/v2\/users\/2"}],"replies":[{"embeddable":true,"href":"https:\/\/corporiente.com.co\/index.php?rest_route=%2Fwp%2Fv2%2Fcomments&post=559"}],"version-history":[{"count":16,"href":"https:\/\/corporiente.com.co\/index.php?rest_route=\/wp\/v2\/pages\/559\/revisions"}],"predecessor-version":[{"id":1091,"href":"https:\/\/corporiente.com.co\/index.php?rest_route=\/wp\/v2\/pages\/559\/revisions\/1091"}],"wp:attachment":[{"href":"https:\/\/corporiente.com.co\/index.php?rest_route=%2Fwp%2Fv2%2Fmedia&parent=559"}],"curies":[{"name":"wp","href":"https:\/\/api.w.org\/{rel}","templated":true}]}}