{"id":514,"date":"2019-08-24T00:17:42","date_gmt":"2019-08-23T22:17:42","guid":{"rendered":"https:\/\/corporiente.com.co\/?page_id=514"},"modified":"2020-08-03T16:14:48","modified_gmt":"2020-08-03T21:14:48","slug":"quienes-somos","status":"publish","type":"page","link":"https:\/\/corporiente.com.co\/?page_id=514","title":{"rendered":"Quienes Somos"},"content":{"rendered":"\n<div id=\"pagConten\">\n  <div id=\"baner\">\n    <div id=\"capa_slider\"><\/div>\n    <img decoding=\"async\" id=\"fondo\" src=\"wp-content\/uploads\/2019\/08\/quienes_somos3.jpg\">\n    <div id=\"sliderPers\">\n      <div class=\"row \">\n        <div class=\"col-md-12 panel1\">\n          <div class=\"col-md-12 p1\"><\/div>\n          <div class=\"clearfix\"> <\/div>\n          <div class=\"col-md-12 p2\">\n            <!-- <div class=\"row campos\">\n                <div id=\"capa_modalAuto\"> <\/div>\n                <div class=\"col-md-1\"><\/div>\n                <div class=\"col-md-2\">\n                  <select class=\"form-control\" name=\"marca\" id=\"marca\" >\n                    <option value=\"\">Marca<\/option>\n                  <\/select>\n                <\/div>\n                <div class=\"col-md-2\">\n                  <select class=\"form-control\" name=\"ayo\" id=\"ayo\" >\n                    <option value=\"\">A\u00f1o<\/option>\n                  <\/select>\n                <\/div>\n                <div class=\"col-md-2\">\n                  <select class=\"form-control\" name=\"modelo\" id=\"modelo\" >\n                    <option value=\"\">Modelo<\/option>\n                  <\/select>\n                <\/div>\n                <div class=\"col-md-2\">\n                  <select class=\"form-control\" name=\"version\" id=\"version\" >\n                    <option value=\"\">Versi\u00f3n<\/option>\n                  <\/select>\n                <\/div>\n                <div class=\"col-md-2 colbtn\">\n                  <button class=\"form-control btn1\" type=\"button\" name=\"button\" onclick=\"cotizar()\">\n                   <img decoding=\"async\" src=\"wp-content\/uploads\/2019\/03\/vineta.png\" alt=\"\">  COTIZAR\n                  <\/button>\n                <\/div>\n                <div class=\"row acepter\">\n                  Al continuar aceptas nuestros <a target=\"_blank\" href=\"wp-content\/uploads\/2019\/06\/Poliitica_Proteccioon_datos.pdf\" rel=\"noopener noreferrer\"> T\u00e9rminos y Condiciones <\/a>\n                <\/div>\n            <\/div> -->\n          <\/div>\n        <\/div>\n      <\/div>\n    <\/div>\n\n  <\/div>\n\n  <div class=\"row\">\n    <div id=\"tieneDudas\" class=\"col-md-6\">\n        <div class=\"row titu\"> BACHILLERATO POR CICLOS <\/div>\n        <div class=\"row icono\">\n         \n          <div class=\"col-md-12\">\n            <div class=\"row text texObjetivo\">\n            La educaci\u00f3n formal por ciclos es una alternativa de educaci\u00f3n legalmente establecida por el Ministerio de Educaci\u00f3n Nacional y reglamentada por el Decreto 3011 de 1997.\n            <br>\n            Constituye una oportunidad para j\u00f3venes que por diversas circunstancias de vida su edad no coincide con su grado acad\u00e9mico y que requieren atender de manera diferenciada sus necesidades y potencialidades educativas. Con un calendario flexible y en un ambiente propicio para el aprendizaje, atendiendo a los principios de desarrollo humano integral, pertinencia, flexibilidad y participaci\u00f3n; raz\u00f3n por la cual se crean los \u201cCiclos Lectivos Especiales Integrados (CLEIS)\u201d que permiten a los estudiantes cursar dos grados acad\u00e9micos en un a\u00f1o lectivo.\n            <\/div>\n          <\/div>\n          \n        <\/div>\n    <\/div>\n    <div id=\"beneficios\" class=\"col-md-6\">\n        <div class=\"row titu\"> Los Ciclos se organizan as\u00ed: <\/div>\n        <div class=\"row icono\">\n          <div class=\"col-md-1\">\n          <\/div>\n          <div class=\"col-md-10\">\n            <table class=\"table\"> \n              <tr> \n                <th> CICLO <\/th>\n                <th> GRADOS A CURSAR <\/th>\n                <th> TIEMPO DE ESTUDIO <\/th>\n              <\/tr>\n              <tr> \n                <td> CICLO III <\/td>\n                <td> Sexto y S\u00e9ptimo <\/td>\n                <td> Integrado en un a\u00f1o <\/td>\n              <\/tr>\n              <tr> \n                <td> CICLO IV <\/td>\n                <td> Octavo y Noveno <\/td>\n                <td> Integrado en un a\u00f1o <\/td>\n              <\/tr>\n              <tr> \n                <td> CICLO V <\/td>\n                <td> D\u00e9cimo <\/td>\n                <td> Integrado en un semestre <\/td>\n              <\/tr>\n              <tr> \n                <td> CICLO VI <\/td>\n                <td> Und\u00e9cimo <\/td>\n                <td> Integrado en un semestre <\/td>\n              <\/tr>\n              \n            <\/table>\n          \n            <div class=\"row text texObjetivo\">\n              La educaci\u00f3n formal avala a la instituci\u00f3n a entregar certificados acad\u00e9micos, v\u00e1lidos en todo el pa\u00eds, raz\u00f3n por la cual esta modalidad \n              <b> NO CONSTITUYE UN PROGRAMA DE VALIDACI\u00d3N. <\/b>\n            <\/div>\n          <\/div>\n          <div class=\"col-md-1\">\n          <\/div>\n        <\/div>\n    <\/div>\n  <\/div>\n\n  <div class=\"row\">\n    <div class=\"col-md-6 caracte\" id=\"amparos\" >\n        <div class=\"p1\"> SERVICIOS COMPLEMENTARIOS PARA NUESTROS ESTUDIANTES <\/div>\n        <div class=\"clearfix\"> <\/div>\n        <center>\n        <div class=\"contenido\">\n            <div class=\"p2\">\n              <img decoding=\"async\" src=\"wp-content\/uploads\/2019\/09\/selec.png\" alt=\"\">\n              Sala de inform\u00e1tica actualizada y acorde al est\u00e1ndar de tecnolog\u00eda exigidos por la MEN.\n            <\/div>\n\n            <div class=\"p2\">\n              <img decoding=\"async\" src=\"wp-content\/uploads\/2019\/09\/selec.png\" alt=\"\">\n              Canchas sint\u00e9ticas para el deporte y la recreaci\u00f3n.\n            <\/div>\n\n            <div class=\"p2\">\n              <img decoding=\"async\" src=\"wp-content\/uploads\/2019\/09\/selec.png\" alt=\"\">\n              Centro recreativo \u00abla parcela de To\u00f1o\u00bb.\n            <\/div>\n\n            <div class=\"p2\">\n              <img decoding=\"async\" src=\"wp-content\/uploads\/2019\/10\/PARCELA.jpg\" alt=\"\" style=\"width:100%; height:250px\"> \n            <\/div>\n           \n          <\/div>\n        <\/center>\n    <\/div>\n    \n    <div id=\"amparos\" class=\"col-md-6\" style=\"min-height: 17.0625rem !important;\">\n      <div class=\"row icono\">\n      <div class=\"p1\"> REQUISITOS <\/div>\n        <div class=\"clearfix\"> <\/div>\n        <center>\n          <div class=\"contenido\">\n            <div class=\"p2\">\n              <img decoding=\"async\" src=\"wp-content\/uploads\/2019\/03\/iconoChuloG2.png\" alt=\"\">\n                4 FOTOS\n            <\/div>\n            <div class=\"p2\">\n              <img decoding=\"async\" src=\"wp-content\/uploads\/2019\/03\/iconoChuloG2.png\" alt=\"\">\n                REGISTRO CIVIL\n            <\/div>\n            <div class=\"p2\">\n              <img decoding=\"async\" src=\"wp-content\/uploads\/2019\/03\/iconoChuloG2.png\" alt=\"\">\n                FOTOCOPIA DOCUMENTO DE IDENTIDAD\n            <\/div>\n            <div class=\"p2\">\n              <img decoding=\"async\" src=\"wp-content\/uploads\/2019\/03\/iconoChuloG2.png\" alt=\"\">\n                CERTIFICADOS DE GRADOS ANTERIORES(ORIGINALES) 5\u00b0 6\u00b0 7\u00b0 8\u00b0 9\u00b0 10\u00b0\n            <\/div>\n            <div class=\"p2\">\n              <img decoding=\"async\" src=\"wp-content\/uploads\/2019\/03\/iconoChuloG2.png\" alt=\"\">\n                CARPETA COLGANTE AZUL\n            <\/div>\n            <div class=\"p2\">\n              <img decoding=\"async\" src=\"wp-content\/uploads\/2019\/03\/iconoChuloG2.png\" alt=\"\">\n              RETIRO DE PROGRAMA SIMAT DEL ULTIMO COLEGIO EN DONDE ESTUVO MATRICULADO.\n            <\/div>\n            <div class=\"p2\">\n              <img decoding=\"async\" src=\"wp-content\/uploads\/2019\/03\/iconoChuloG2.png\" alt=\"\">\n              CLARO EST\u00c1 TE PUEDES INSCRIBIR CON LA FOTOCOPIA DE DOCUMENTO DE IDENTIDAD Y CARPETA COLGANTE AZUL;DANDOTE UN MES DE PLAZO PARA LOS DOCUMENTOS FALTANTES.\n            <\/div>\n          <\/div>\n        <\/center>\n      <\/div>\n    <\/div>\n  <\/div>\n\n  <div id=\"cotizacion\" class=\"row\">\n    <div class=\"col-md-6 \" id=\"amparos\">\n        <div class=\"p1\"> CURSOS <\/div>\n\n        <div class=\"clearfix\"> <\/div>\n        <center>\n          <div class=\"contenido\">\n            <div class=\"p2 cursos_lbl prin\">\n              <!-- <img decoding=\"async\" src=\"wp-content\/uploads\/2019\/03\/iconoChuloG2.png\" alt=\"\"> -->\n              Mientras realizas tu bachillerado te vas capacitando en:\n            <\/div>\n            <div class=\"p2\">\n              <img decoding=\"async\" src=\"wp-content\/uploads\/2019\/03\/iconoChuloG2.png\" alt=\"\">\n              <a class=\"link_curso\" onclick=\"modalContactenos('MANICURE Y PEDICURE')\"> MANICURE Y PEDICURE <\/a>\n            <\/div>\n            <div class=\"p2\">\n              <img decoding=\"async\" src=\"wp-content\/uploads\/2019\/03\/iconoChuloG2.png\" alt=\"\">\n              <a class=\"link_curso\" onclick=\"modalContactenos('PEINADO INFANTILES')\"> PEINADO INFANTILES <\/a>\n            <\/div>\n            <div class=\"p2\">\n              <img decoding=\"async\" src=\"wp-content\/uploads\/2019\/03\/iconoChuloG2.png\" alt=\"\">\n              <a class=\"link_curso\" onclick=\"modalContactenos('CORTE DE CABELLO')\"> CORTE DE CABELLO <\/a>\n            <\/div>\n            <div class=\"p2\">\n              <img decoding=\"async\" src=\"wp-content\/uploads\/2019\/03\/iconoChuloG2.png\" alt=\"\">\n              <a class=\"link_curso\" onclick=\"modalContactenos('ARREGLO DE CELULARES')\"> ARREGLO DE CELULARES <\/a>\n            <\/div>\n            <div class=\"p2\">\n              <img decoding=\"async\" src=\"wp-content\/uploads\/2019\/03\/iconoChuloG2.png\" alt=\"\">\n              <a class=\"link_curso\" onclick=\"modalContactenos('MANTENIMIENTOS DE MOTOS')\"> MANTENIMIENTOS DE MOTOS <\/a>\n            <\/div>\n            <div class=\"p2\">\n              <img decoding=\"async\" src=\"wp-content\/uploads\/2019\/03\/iconoChuloG2.png\" alt=\"\">\n              <a class=\"link_curso\" onclick=\"modalContactenos('CONTABILIDAD')\"> CONTABILIDAD <\/a>\n            <\/div>\n            <div class=\"p2\">\n              <img decoding=\"async\" src=\"wp-content\/uploads\/2019\/03\/iconoChuloG2.png\" alt=\"\">\n              <a class=\"link_curso\" onclick=\"modalContactenos('SERVICIO AL CLIENTE')\"> SERVICIO AL CLIENTE <\/a>\n            <\/div>\n            <div class=\"p2\">\n              <img decoding=\"async\" src=\"wp-content\/uploads\/2019\/03\/iconoChuloG2.png\" alt=\"\">\n              <a class=\"link_curso\" onclick=\"modalContactenos('EMPRENDIMIENTO')\"> EMPRENDIMIENTO <\/a>\n            <\/div>\n            <div class=\"p2\">\n              <img decoding=\"async\" src=\"wp-content\/uploads\/2019\/03\/iconoChuloG2.png\" alt=\"\">\n              <a class=\"link_curso\" onclick=\"modalContactenos('VENTAS')\"> VENTAS <\/a>\n            <\/div>\n            <div class=\"p2 cursos_lbl fin\">\n              <!-- <img decoding=\"async\" src=\"wp-content\/uploads\/2019\/03\/iconoChuloG2.png\" alt=\"\"> -->\n              En el mismo colegio podr\u00e1s capacitarte en cursos complementarios con el SENA, totalmente gratis y certificados por la misma entidad educativa. \n            <\/div>\n          <\/div>\n        <\/center>\n    <\/div>\n    <div class=\"col-md-6 panel2\" id=\"preguntaFrecue\">\n\n      <div class=\"col-md-12 titu\">Canchas Sint\u00e9ticas<\/div>\n      <div class=\"row texObjetivo\">\n        Tenemos las puertas abiertas de lunes a viernes de 8:00 AM a 12:00 PM y de 2:00 PM a 11:59 PM.\n        S\u00e1bado a Domingo de 8:00 AM a 11:59 PM\n      <\/div>\n      <div class=\"row \">\n              <div id=\"metaslider-id-787\" style=\"max-width: 1400px;\" class=\"ml-slider-3-28-0 metaslider metaslider-nivo metaslider-787 ml-slider luisFernando\">\n    <div id=\"metaslider_container_787\">\n        <div class='slider-wrapper theme-default'><div class='ribbon'><\/div><div id='metaslider_787' class='nivoSlider'><img src=\"https:\/\/corporiente.com.co\/wp-content\/uploads\/2019\/09\/cancha-960x420.jpg\" height=\"613\" width=\"1400\" title=\"cancha\" alt=\"\" class=\"slider-787 slide-788\" \/><img src=\"https:\/\/corporiente.com.co\/wp-content\/uploads\/2019\/09\/esta-1-1200x525.jpg\" height=\"613\" width=\"1400\" title=\"esta 1\" alt=\"\" class=\"slider-787 slide-789\" \/><img src=\"https:\/\/corporiente.com.co\/wp-content\/uploads\/2019\/09\/esta-2-1200x525.jpg\" height=\"613\" width=\"1400\" title=\"esta 2\" alt=\"\" class=\"slider-787 slide-790\" \/><img src=\"https:\/\/corporiente.com.co\/wp-content\/uploads\/2019\/09\/IMG_20151216_154032804-1200x525.jpg\" height=\"613\" width=\"1400\" title=\"IMG_20151216_154032804\" alt=\"\" class=\"slider-787 slide-791\" \/><img src=\"https:\/\/corporiente.com.co\/wp-content\/uploads\/2019\/09\/IMG_20151216_154106326-1200x525.jpg\" height=\"613\" width=\"1400\" title=\"IMG_20151216_154106326\" alt=\"\" class=\"slider-787 slide-792\" \/><img src=\"https:\/\/corporiente.com.co\/wp-content\/uploads\/2019\/09\/IMG_20151216_154153564-1200x525.jpg\" height=\"613\" width=\"1400\" title=\"IMG_20151216_154153564\" alt=\"\" class=\"slider-787 slide-793\" \/><\/div><\/div>\n        \n    <\/div>\n<\/div>\n      <\/div>\n    <\/div>\n  <\/div>\n\n  <style>\r\n  #modal_contactenos{\r\n    font-family: 'Roboto Condensed', sans-serif !important;\r\n  }\r\n  #modal_contactenos{\r\n    margin-top: 0rem !important;\r\n  }\r\n  #modal_contactenos .modal-content{\r\n    border-radius: 1.25rem !important;\r\n  }\r\n  #modal_contactenos .modal-body{\r\n    margin: 1.25rem !important;\r\n    border: solid 0.125rem #CCCCCC;\r\n    border-style: dashed;\r\n    border-radius: 1.25rem;\r\n    overflow: hidden;\r\n  }\r\n  #modal_contactenos .modal-content{\r\n    width: 43.75rem !important;\r\n  }\r\n  #modal_contactenos .titulo{\r\n    font-size: 2.125rem !important;\r\n    font-weight: bold;\r\n    color: #3D4049;\r\n  }\r\n  #modal_contactenos .subtitulo{\r\n    font-size: 1.25rem !important;\r\n    font-weight: bold;\r\n    color: var(--primario);\r\n  }\r\n  #modal_contactenos .pregunta{\r\n    font-size: 1.125rem !important;\r\n    color: #3D4049;\r\n    line-height: 1.125rem;\r\n  }\r\n\r\n  #modal_contactenos .row{\r\n   margin-top: 0.9375rem !important;\r\n  }\r\n  #modal_contactenos .btn1 {\r\n    height: 2.1875rem !important;\r\n  \tborder-radius: 2.1875rem !important;\r\n    background-color: #00579B !important;\r\n    font-size: 1rem !important;\r\n    width: 7.75rem !important;\r\n  }\r\n  #modal_contactenos .btn2 {\r\n    background-color: #C0C0C0 !important;\r\n  }\r\n  #modal_contactenos .enviar {\r\n    background-color: var(--primario) !important;\r\n    height: 2.5rem !important;\r\n  \tborder-radius: 2.5rem !important;\r\n    font-size: 1.125rem !important;\r\n    width: 9.0625rem !important;\r\n  }\r\n\r\n\r\n<\/style>\r\n\r\n<div class=\"modal fade in\" id=\"modal_contactenos\" role=\"dialog\" style=\"display: none; padding-right: 1.0625rem;\" aria-hidden=\"false\">\r\n      <div class=\"modal-dialog modal-md\">\r\n        <div class=\"modal-content\" id=\"modal_conte\">\r\n          <!-- <div class=\"modal-header\">\r\n            <strong>INSTRUMENTO DE CARACTERIZACI\u00f3N<\/strong>\r\n          <\/div> -->\r\n          <div class=\"modal-body\">\r\n             \r\n\r\n          <div class=\"col-md-12 \">\r\n                  <div class=\"form-group subtitulo nopadding\">\r\n                  D\u00e9janos tus datos para contactarte y resolver tus inquietudes\r\n                  <\/div>\r\n                <\/div>\r\n                <div class=\"clearfix\"> <\/div>\r\n                <div class=\"row col-md-12 \">\r\n                  <div class=\"form-group \">\r\n                    <label class=\"pregunta col-md-4 \" for=\"nombre\">Tu Nombre: *<\/label>\r\n                    <div class=\"col-md-8 nopadding\">\r\n                      <input type=\"text\" class=\"form-control text\" id=\"nombres\">\r\n                    <\/div>\r\n                  <\/div>\r\n                <\/div>\r\n\r\n                <div class=\"clearfix\"> <\/div>\r\n                <div class=\"row col-md-12 \">\r\n                  <div class=\"form-group \">\r\n                    <label class=\"pregunta col-md-4 \" for=\"nombre\">Tu Correo Electr\u00f3nico: *<\/label>\r\n                    <div class=\"col-md-8 nopadding\">\r\n                      <input type=\"text\" class=\"form-control text\" id=\"correo\">\r\n                    <\/div>\r\n                  <\/div>\r\n                <\/div>\r\n\r\n                <div class=\"clearfix\"> <\/div>\r\n                <div class=\"row col-md-12 \">\r\n                  <div class=\"form-group \">\r\n                    <label class=\"pregunta col-md-4 \" for=\"nombre\">Tu N\u00fam. Celular: *<\/label>\r\n                    <div class=\"col-md-8 nopadding\">\r\n                      <input type=\"text\" class=\"form-control text\" style=\"\" id=\"numero_cel\">\r\n                    <\/div>\r\n                  <\/div>\r\n                <\/div>\r\n\r\n                <div class=\"clearfix hide\"> <\/div>\r\n                <div class=\"row col-md-12 hide\">\r\n                  <div class=\"form-group \">\r\n                    <label class=\"pregunta col-md-4 \" for=\"nombre\">Tu grado o curso de interes: *<\/label>\r\n                    <div class=\"col-md-8 nopadding\">\r\n                      <input type=\"text\" class=\"form-control text\" style=\"\" id=\"curso_interes\">\r\n                    <\/div>\r\n                  <\/div>\r\n                <\/div>\r\n\r\n                <div class=\"clearfix\"> <\/div>\r\n                <div class=\"row col-md-12 \">\r\n                  <div class=\"form-group \">\r\n                    <label class=\"pregunta col-md-4 \" for=\"nombre\">Tu Mensaje: *<\/label>\r\n                    <div class=\"col-md-8 nopadding\">\r\n                      <textarea class=\"form-control text_textarea\" rows=\"3\" id=\"tu_mensaje\"><\/textarea>\r\n                    <\/div>\r\n                  <\/div>\r\n                <\/div>\r\n\r\n\r\n              <div class=\"clearfix\"> <\/div>\r\n              <div class=\"row col-md-12 \">\r\n                <div class=\"form-group \">\r\n                  <div class=\"col-md-9 nopadding\"><\/div>\r\n                  <div class=\"col-md-3 nopadding\">\r\n                    <button class=\"form-control btn1 enviar\" type=\"button\" name=\"button\" onclick=\"contactenosEnviar()\">\r\n                      Enviar\r\n                    <\/button>\r\n                    <br>\r\n                    <div class=\"wpcf7 no-js\" id=\"wpcf7-f734-o1\" lang=\"es-ES\" dir=\"ltr\">\n<div class=\"screen-reader-response\"><p role=\"status\" aria-live=\"polite\" aria-atomic=\"true\"><\/p> <ul><\/ul><\/div>\n<form action=\"\/index.php?rest_route=%2Fwp%2Fv2%2Fpages%2F514#wpcf7-f734-o1\" method=\"post\" class=\"wpcf7-form init\" aria-label=\"Formulario de contacto\" novalidate=\"novalidate\" data-status=\"init\">\n<div style=\"display: none;\">\n<input type=\"hidden\" name=\"_wpcf7\" value=\"734\" \/>\n<input type=\"hidden\" name=\"_wpcf7_version\" value=\"5.7\" \/>\n<input type=\"hidden\" name=\"_wpcf7_locale\" value=\"es_ES\" \/>\n<input type=\"hidden\" name=\"_wpcf7_unit_tag\" value=\"wpcf7-f734-o1\" \/>\n<input type=\"hidden\" name=\"_wpcf7_container_post\" value=\"0\" \/>\n<input type=\"hidden\" name=\"_wpcf7_posted_data_hash\" value=\"\" \/>\n<\/div>\n<div class=\"hide\">\n\t<p> <span class=\"wpcf7-form-control-wrap\" data-name=\"your-subject\"><input size=\"40\" class=\"wpcf7-form-control wpcf7-text wpcf7-validates-as-required\" id=\"your-subject\" aria-required=\"true\" aria-invalid=\"false\" value=\"\" type=\"text\" name=\"your-subject\" \/><\/span><br \/>\n<span class=\"wpcf7-form-control-wrap\" data-name=\"con_nombres\"><input size=\"40\" class=\"wpcf7-form-control wpcf7-text wpcf7-validates-as-required\" id=\"con_nombres\" aria-required=\"true\" aria-invalid=\"false\" value=\"\" type=\"text\" name=\"con_nombres\" \/><\/span><br \/>\n<span class=\"wpcf7-form-control-wrap\" data-name=\"con_correo\"><input size=\"40\" class=\"wpcf7-form-control wpcf7-text wpcf7-validates-as-required\" id=\"con_correo\" aria-required=\"true\" aria-invalid=\"false\" value=\"\" type=\"text\" name=\"con_correo\" \/><\/span><br \/>\n<span class=\"wpcf7-form-control-wrap\" data-name=\"con_numero_cel\"><input size=\"40\" class=\"wpcf7-form-control wpcf7-text wpcf7-validates-as-required\" id=\"con_numero_cel\" aria-required=\"true\" aria-invalid=\"false\" value=\"\" type=\"text\" name=\"con_numero_cel\" \/><\/span><br \/>\n<span class=\"wpcf7-form-control-wrap\" data-name=\"con_curso_interes\"><input size=\"40\" class=\"wpcf7-form-control wpcf7-text wpcf7-validates-as-required\" id=\"con_curso_interes\" aria-required=\"true\" aria-invalid=\"false\" value=\"\" type=\"text\" name=\"con_curso_interes\" \/><\/span><br \/>\n<span class=\"wpcf7-form-control-wrap\" data-name=\"con_tu_mensaje\"><input size=\"40\" class=\"wpcf7-form-control wpcf7-text wpcf7-validates-as-required\" id=\"con_tu_mensaje\" aria-required=\"true\" aria-invalid=\"false\" value=\"\" type=\"text\" name=\"con_tu_mensaje\" \/><\/span><br \/>\n<input class=\"wpcf7-form-control has-spinner wpcf7-submit\" type=\"submit\" value=\"Enviar\" \/>\n\t<\/p>\n<\/div><div class=\"wpcf7-response-output\" aria-hidden=\"true\"><\/div><\/form><\/div>         \r\n                <\/div>\r\n                <\/div>\r\n              <\/div>\r\n\r\n\r\n          <\/div>\r\n        <\/div>\r\n      <\/div>\r\n    <\/div>\r\n\n\n<\/div>\n","protected":false},"excerpt":{"rendered":"<p>BACHILLERATO POR CICLOS La educaci\u00f3n formal por ciclos es una alternativa de educaci\u00f3n legalmente establecida por el Ministerio de Educaci\u00f3n Nacional y reglamentada por el Decreto 3011 de 1997. Constituye una oportunidad para j\u00f3venes que por diversas circunstancias de vida&hellip; <a href=\"https:\/\/corporiente.com.co\/?page_id=514\" class=\"more-link\">Continuar leyendo <span class=\"meta-nav\">&rarr;<\/span><\/a><\/p>\n","protected":false},"author":2,"featured_media":0,"parent":0,"menu_order":0,"comment_status":"closed","ping_status":"closed","template":"","meta":[],"_links":{"self":[{"href":"https:\/\/corporiente.com.co\/index.php?rest_route=\/wp\/v2\/pages\/514"}],"collection":[{"href":"https:\/\/corporiente.com.co\/index.php?rest_route=\/wp\/v2\/pages"}],"about":[{"href":"https:\/\/corporiente.com.co\/index.php?rest_route=\/wp\/v2\/types\/page"}],"author":[{"embeddable":true,"href":"https:\/\/corporiente.com.co\/index.php?rest_route=\/wp\/v2\/users\/2"}],"replies":[{"embeddable":true,"href":"https:\/\/corporiente.com.co\/index.php?rest_route=%2Fwp%2Fv2%2Fcomments&post=514"}],"version-history":[{"count":65,"href":"https:\/\/corporiente.com.co\/index.php?rest_route=\/wp\/v2\/pages\/514\/revisions"}],"predecessor-version":[{"id":1095,"href":"https:\/\/corporiente.com.co\/index.php?rest_route=\/wp\/v2\/pages\/514\/revisions\/1095"}],"wp:attachment":[{"href":"https:\/\/corporiente.com.co\/index.php?rest_route=%2Fwp%2Fv2%2Fmedia&parent=514"}],"curies":[{"name":"wp","href":"https:\/\/api.w.org\/{rel}","templated":true}]}}